{"id":112,"date":"2025-09-24T09:18:27","date_gmt":"2025-09-24T09:18:27","guid":{"rendered":"https:\/\/naughty-newton.45-86-144-166.plesk.page\/?page_id=112"},"modified":"2025-09-30T10:55:34","modified_gmt":"2025-09-30T10:55:34","slug":"dichiarazione-di-accessibilita","status":"publish","type":"page","link":"https:\/\/relyconsulting.it\/index.php\/dichiarazione-di-accessibilita\/","title":{"rendered":"Dichiarazione di Accessibilit\u00e0"},"content":{"rendered":"\t\t<div data-elementor-type=\"wp-page\" data-elementor-id=\"112\" class=\"elementor elementor-112\" data-elementor-post-type=\"page\">\n\t\t\t\t\t\t<section class=\"elementor-section elementor-top-section elementor-element elementor-element-35b1e80 elementor-section-content-middle elementor-section-boxed elementor-section-height-default elementor-section-height-default\" data-id=\"35b1e80\" data-element_type=\"section\" data-e-type=\"section\">\n\t\t\t\t\t\t<div class=\"elementor-container elementor-column-gap-default\">\n\t\t\t\t\t<div class=\"elementor-column elementor-col-50 elementor-top-column elementor-element elementor-element-ad5a45a\" data-id=\"ad5a45a\" data-element_type=\"column\" data-e-type=\"column\">\n\t\t\t<div class=\"elementor-widget-wrap elementor-element-populated\">\n\t\t\t\t\t\t<div class=\"elementor-element elementor-element-66f8f6b elementor-widget__width-initial elementor-widget elementor-widget-heading\" data-id=\"66f8f6b\" data-element_type=\"widget\" data-e-type=\"widget\" data-widget_type=\"heading.default\">\n\t\t\t\t<div class=\"elementor-widget-container\">\n\t\t\t\t\t<h2 class=\"elementor-heading-title elementor-size-default\">Dichiarazione di Accessibilit\u00e0 \u2014 RELY Consulting<\/h2>\t\t\t\t<\/div>\n\t\t\t\t<\/div>\n\t\t\t\t\t<\/div>\n\t\t<\/div>\n\t\t\t\t<div class=\"elementor-column elementor-col-50 elementor-top-column elementor-element elementor-element-a7be88c\" data-id=\"a7be88c\" data-element_type=\"column\" data-e-type=\"column\">\n\t\t\t<div class=\"elementor-widget-wrap elementor-element-populated\">\n\t\t\t\t\t\t<div class=\"elementor-element elementor-element-38ebb63 elementor-widget-divider--view-line elementor-widget elementor-widget-divider\" data-id=\"38ebb63\" data-element_type=\"widget\" data-e-type=\"widget\" data-widget_type=\"divider.default\">\n\t\t\t\t<div class=\"elementor-widget-container\">\n\t\t\t\t\t\t\t<div class=\"elementor-divider\">\n\t\t\t<span class=\"elementor-divider-separator\">\n\t\t\t\t\t\t<\/span>\n\t\t<\/div>\n\t\t\t\t\t\t<\/div>\n\t\t\t\t<\/div>\n\t\t\t\t\t<\/div>\n\t\t<\/div>\n\t\t\t\t\t<\/div>\n\t\t<\/section>\n\t\t\t\t<section class=\"elementor-section elementor-top-section elementor-element elementor-element-72b751f elementor-section-boxed elementor-section-height-default elementor-section-height-default\" data-id=\"72b751f\" data-element_type=\"section\" data-e-type=\"section\">\n\t\t\t\t\t\t<div class=\"elementor-container elementor-column-gap-default\">\n\t\t\t\t\t<div class=\"elementor-column elementor-col-100 elementor-top-column elementor-element elementor-element-60a4b86\" data-id=\"60a4b86\" data-element_type=\"column\" data-e-type=\"column\">\n\t\t\t<div class=\"elementor-widget-wrap elementor-element-populated\">\n\t\t\t\t\t\t<div class=\"elementor-element elementor-element-710a5de elementor-widget elementor-widget-text-editor\" data-id=\"710a5de\" data-element_type=\"widget\" data-e-type=\"widget\" data-widget_type=\"text-editor.default\">\n\t\t\t\t<div class=\"elementor-widget-container\">\n\t\t\t\t\t\t\t\t\t<p data-start=\"593\" data-end=\"682\"><strong data-start=\"639\" data-end=\"664\">Ultimo aggiornamento:<\/strong> 25 settembre 2025<\/p><h2 data-start=\"684\" data-end=\"722\">1. Titolare e responsabile del sito<\/h2><p data-start=\"723\" data-end=\"917\">Titolare del sito: <strong data-start=\"742\" data-end=\"777\">RELY Consulting di Marco Crippa<\/strong>. Informazioni aziendali e riferimenti presenti nella pagina Privacy e nella pagina Contatti del sito. <span class=\"\" data-state=\"closed\"><span class=\"ms-1 inline-flex max-w-full items-center relative top-[-0.094rem] animate-[show_150ms_ease-in]\" data-testid=\"webpage-citation-pill\"><a class=\"flex h-4.5 overflow-hidden rounded-xl px-2 text-[9px] font-medium transition-colors duration-150 ease-in-out text-token-text-secondary! bg-[#F4F4F4]! dark:bg-[#303030]!\" href=\"https:\/\/relyconsulting.it\/index.php\/privacy\" target=\"_blank\" rel=\"noopener\"><span class=\"relative start-0 bottom-0 flex h-full w-full items-center\"><span class=\"flex h-4 w-full items-center justify-between\"><span class=\"max-w-[15ch] grow truncate overflow-hidden text-center\">relyconsulting.it<\/span><\/span><\/span><\/a><\/span><\/span><\/p><h2 data-start=\"919\" data-end=\"944\">2. Stato di conformit\u00e0<\/h2><p data-start=\"945\" data-end=\"1463\">La presente dichiarazione \u00e8 stata redatta in assenza di una dichiarazione pubblica di accessibilit\u00e0 gi\u00e0 presente sul sito al momento della verifica. Sulla base di una revisione sommaria delle pagine pubbliche (home, contatti, privacy) il sito risulta <strong data-start=\"1196\" data-end=\"1235\">in uno stato di conformit\u00e0 parziale<\/strong> rispetto ai requisiti stabiliti dalla Direttiva (UE) 2016\/2102 e agli standard WCAG (Web Content Accessibility Guidelines) 2.1, livello AA. Le ragioni principali di questa valutazione (in assenza di una verifica completa) sono:<\/p><ul data-start=\"1465\" data-end=\"1673\"><li data-start=\"1465\" data-end=\"1553\"><p data-start=\"1467\" data-end=\"1553\">non \u00e8 stata individuata una pagina di Dichiarazione di Accessibilit\u00e0 gi\u00e0 pubblicata;<\/p><\/li><li data-start=\"1554\" data-end=\"1673\"><p data-start=\"1556\" data-end=\"1673\">non sono pubblicati dettagli relativi a eventuali autovalutazioni o a un piano di intervento accessibile al pubblico.<\/p><\/li><\/ul><div>\u00a0<\/div><h2 data-start=\"1953\" data-end=\"2015\">3. Contenuti al momento non pienamente accessibili<\/h2><p data-start=\"2016\" data-end=\"2188\">Senza un audit completo non \u00e8 possibile elencare esaustivamente tutte le non-conformit\u00e0. Tuttavia, nei siti simili a quello esaminato risultano tipicamente criticit\u00e0 quali:<\/p><ul data-start=\"2190\" data-end=\"2469\"><li data-start=\"2190\" data-end=\"2252\"><p data-start=\"2192\" data-end=\"2252\">assenza di testi alternativi completi per alcune immagini;<\/p><\/li><li data-start=\"2253\" data-end=\"2336\"><p data-start=\"2255\" data-end=\"2336\">possibili problemi di gestione del focus e sequenza di navigazione da tastiera;<\/p><\/li><li data-start=\"2337\" data-end=\"2427\"><p data-start=\"2339\" data-end=\"2427\">documenti (PDF) non sempre conformi a PDF\/UA o privi di una versione HTML alternativa;<\/p><\/li><li data-start=\"2428\" data-end=\"2469\"><p data-start=\"2430\" data-end=\"2469\">video senza sottotitoli o trascrizione.<\/p><\/li><\/ul><p data-start=\"2471\" data-end=\"2663\">Queste aree vanno verificate caso per caso con strumenti automatici (es. Axe, WAVE, Lighthouse) e con test manuali. (Questa \u00e8 un\u2019indicazione generale: l\u2019unico modo per confermare \u00e8 l\u2019audit).<\/p><h2 data-start=\"2665\" data-end=\"2720\">4. Alternative e modalit\u00e0 di fruizione dei contenuti<\/h2><p data-start=\"2721\" data-end=\"2847\">Fino al completamento degli interventi, RELY Consulting si impegna a fornire alternative accessibili su richiesta, ad esempio:<\/p><ul data-start=\"2849\" data-end=\"3097\"><li data-start=\"2849\" data-end=\"2926\"><p data-start=\"2851\" data-end=\"2926\">fornire versioni HTML semplificate dei documenti o trascrizioni testuali;<\/p><\/li><li data-start=\"2927\" data-end=\"3016\"><p data-start=\"2929\" data-end=\"3016\">inviare via email formati alternativi dei documenti (ad es. PDF\/UA o testo semplice);<\/p><\/li><li data-start=\"3017\" data-end=\"3097\"><p data-start=\"3019\" data-end=\"3097\">supporto telefonico o via posta elettronica per fruire dei contenuti del sito.<\/p><\/li><\/ul><p data-start=\"3099\" data-end=\"3240\">Per richiedere assistenza o contenuti in formato alternativo usare i recapiti indicati nella sezione 6. <span class=\"\" data-state=\"closed\"><span class=\"ms-1 inline-flex max-w-full items-center relative top-[-0.094rem] animate-[show_150ms_ease-in]\" data-testid=\"webpage-citation-pill\"><a class=\"flex h-4.5 overflow-hidden rounded-xl px-2 text-[9px] font-medium transition-colors duration-150 ease-in-out text-token-text-secondary! bg-[#F4F4F4]! dark:bg-[#303030]!\" href=\"https:\/\/relyconsulting.it\/it\/contatti\" target=\"_blank\" rel=\"noopener\"><span class=\"relative start-0 bottom-0 flex h-full w-full items-center\"><span class=\"flex h-4 w-full items-center justify-between overflow-hidden\"><span class=\"max-w-[15ch] grow truncate overflow-hidden text-center\">relyconsulting.it<\/span><\/span><\/span><\/a><\/span><\/span><\/p><h2 data-start=\"3242\" data-end=\"3282\">5. Metodologia di valutazione<\/h2><p data-start=\"3283\" data-end=\"3343\">La valutazione da cui nasce questa dichiarazione ha incluso:<\/p><ul data-start=\"3345\" data-end=\"3498\"><li data-start=\"3345\" data-end=\"3415\"><p data-start=\"3347\" data-end=\"3415\">verifica manuale delle pagine pubbliche (home, contatti, privacy);<\/p><\/li><li data-start=\"3416\" data-end=\"3498\"><p data-start=\"3418\" data-end=\"3498\">consultazione delle informazioni di contatto e del titolare presenti sul sito.<\/p><\/li><\/ul><p data-start=\"3500\" data-end=\"3830\">Si raccomanda formalmente di procedere con: (1) audit automatico con strumenti come Axe, WAVE e Lighthouse; (2) controllo manuale da parte di esperti di accessibilit\u00e0; (3) test di usabilit\u00e0 con persone con disabilit\u00e0. Le azioni risultanti dovranno essere documentate e aggiornate nella dichiarazione ufficiale pubblicata sul sito.<\/p><h2 data-start=\"3832\" data-end=\"3887\">6. Informazioni sul sito e recapiti per segnalazioni<\/h2><p data-start=\"3888\" data-end=\"4205\"><strong data-start=\"3888\" data-end=\"3907\">Indirizzo sede:<\/strong> Via Campo dei Fiori 12\/a \u2014 21026 Gavirate (VA).<br data-start=\"3955\" data-end=\"3958\" \/><strong data-start=\"3958\" data-end=\"3971\">Telefono:<\/strong> +39 3357119979.<br data-start=\"3987\" data-end=\"3990\" \/><strong data-start=\"3990\" data-end=\"4003\">Contatti:<\/strong> usare il modulo nella pagina \u201cContatti\u201d o i recapiti pubblicati sul sito.<br data-start=\"4077\" data-end=\"4080\" \/><strong data-start=\"4080\" data-end=\"4134\">Titolare (per le informazioni riportate nel sito):<\/strong> RELY Consulting di Marco Crippa. <span class=\"\" data-state=\"closed\"><span class=\"ms-1 inline-flex max-w-full items-center relative top-[-0.094rem] animate-[show_150ms_ease-in]\" data-testid=\"webpage-citation-pill\"><a class=\"flex h-4.5 overflow-hidden rounded-xl px-2 text-[9px] font-medium transition-colors duration-150 ease-in-out text-token-text-secondary! bg-[#F4F4F4]! dark:bg-[#303030]!\" href=\"https:\/\/relyconsulting.it\/it\/contatti\" target=\"_blank\" rel=\"noopener\"><span class=\"relative start-0 bottom-0 flex h-full w-full items-center\"><span class=\"flex h-4 w-full items-center justify-between\"><span class=\"max-w-[15ch] grow truncate overflow-hidden text-center\">relyconsulting.it<\/span><\/span><\/span><\/a><\/span><\/span><\/p><blockquote data-start=\"4207\" data-end=\"4473\"><p data-start=\"4209\" data-end=\"4473\">Nota: l\u2019indirizzo e-mail presente nelle pagine del sito \u00e8 visualizzato in modalit\u00e0 protetta contro gli spambots; se preferite un contatto diretto via email potete usare il form contatti o il numero di telefono sopra riportato. <span class=\"\" data-state=\"closed\"><span class=\"ms-1 inline-flex max-w-full items-center relative top-[-0.094rem] animate-[show_150ms_ease-in]\" data-testid=\"webpage-citation-pill\"><a class=\"flex h-4.5 overflow-hidden rounded-xl px-2 text-[9px] font-medium transition-colors duration-150 ease-in-out text-token-text-secondary! bg-[#F4F4F4]! dark:bg-[#303030]!\" href=\"https:\/\/relyconsulting.it\/it\/contatti\" target=\"_blank\" rel=\"noopener\"><span class=\"relative start-0 bottom-0 flex h-full w-full items-center\"><span class=\"flex h-4 w-full items-center justify-between overflow-hidden\"><span class=\"max-w-[15ch] grow truncate overflow-hidden text-center\">relyconsulting.it<\/span><\/span><\/span><\/a><\/span><\/span><\/p><\/blockquote><h2 data-start=\"4475\" data-end=\"4503\">7. Meccanismo di feedback<\/h2><p data-start=\"4504\" data-end=\"4602\">Invitiamo gli utenti a segnalare eventuali barriere o problemi di accesso ai contenuti attraverso:<\/p><ul data-start=\"4604\" data-end=\"4705\"><li data-start=\"4604\" data-end=\"4666\"><p data-start=\"4606\" data-end=\"4666\">il form di contatto presente sul sito (pagina \u201cContatti\u201d);<\/p><\/li><li data-start=\"4667\" data-end=\"4705\"><p data-start=\"4669\" data-end=\"4705\">il numero telefonico +39 3357119979.<\/p><\/li><\/ul><p data-start=\"4707\" data-end=\"4906\">Ogni segnalazione sar\u00e0 presa in carico e gestita con attenzione; nelle segnalazioni vi preghiamo di indicare: pagina interessata, descrizione del problema, browser e dispositivo usato (se possibile).<\/p><h2 data-start=\"4908\" data-end=\"4947\">8. Procedura di attuazione e reclamo<\/h2><p data-start=\"4948\" data-end=\"5358\">Se entro 30 giorni dalla segnalazione non si riceve un riscontro soddisfacente dall\u2019azienda, l\u2019utente pu\u00f2 attivare, se previsto dalla normativa vigente, la procedura di reclamo presso gli organismi competenti (ad es. Difensore Civico per il Digitale \/ piattaforme previste dalla normativa nazionale ed europea). Si raccomanda di includere nella segnalazione gli elementi utili per la riproduzione del problema.<\/p><h2 data-start=\"5360\" data-end=\"5403\">9. Piano di intervento<\/h2><p data-start=\"5404\" data-end=\"5456\">Si suggerisce il seguente piano di lavoro operativo:<\/p><ol data-start=\"5458\" data-end=\"5995\"><li data-start=\"5458\" data-end=\"5527\"><p data-start=\"5461\" data-end=\"5527\">avviare un audit tecnico (automatico + manuale) entro 60 giorni;<\/p><\/li><li data-start=\"5528\" data-end=\"5692\"><p data-start=\"5531\" data-end=\"5692\">redigere un piano di intervento con priorit\u00e0 di correzione (es. elementi che bloccano la navigazione da tastiera, contrasti, alternative a media non testuali);<\/p><\/li><li data-start=\"5693\" data-end=\"5741\"><p data-start=\"5696\" data-end=\"5741\">pianificare test con utenti con disabilit\u00e0;<\/p><\/li><li data-start=\"5742\" data-end=\"5848\"><p data-start=\"5745\" data-end=\"5848\">pubblicare una versione aggiornata di questa Dichiarazione contenente risultati e date di intervento;<\/p><\/li><li data-start=\"5849\" data-end=\"5995\"><p data-start=\"5852\" data-end=\"5995\">istituire un referente interno per l\u2019accessibilit\u00e0 e un canale di posta per le segnalazioni di accessibilit\u00e0<\/p><\/li><\/ol>\t\t\t\t\t\t\t\t<\/div>\n\t\t\t\t<\/div>\n\t\t\t\t\t<\/div>\n\t\t<\/div>\n\t\t\t\t\t<\/div>\n\t\t<\/section>\n\t\t\t\t<\/div>\n\t\t","protected":false},"excerpt":{"rendered":"<p>Dichiarazione di Accessibilit\u00e0 \u2014 RELY Consulting Ultimo aggiornamento: 25 settembre 2025 1. Titolare e responsabile del sito Titolare del sito: RELY Consulting di Marco Crippa. Informazioni aziendali e riferimenti presenti nella pagina Privacy e nella pagina Contatti del sito. relyconsulting.it 2. Stato di conformit\u00e0 La presente dichiarazione \u00e8 stata redatta in assenza di una dichiarazione [&hellip;]<\/p>\n","protected":false},"author":1,"featured_media":0,"parent":0,"menu_order":0,"comment_status":"closed","ping_status":"closed","template":"","meta":{"footnotes":""},"class_list":["post-112","page","type-page","status-publish","hentry"],"yoast_head":"<!-- This site is optimized with the Yoast SEO plugin v27.4 - https:\/\/yoast.com\/product\/yoast-seo-wordpress\/ -->\n<title>Dichiarazione di Accessibilit\u00e0 - Rely Consulting<\/title>\n<meta name=\"robots\" content=\"index, follow, max-snippet:-1, max-image-preview:large, max-video-preview:-1\" \/>\n<link rel=\"canonical\" href=\"https:\/\/relyconsulting.it\/index.php\/dichiarazione-di-accessibilita\/\" \/>\n<meta property=\"og:locale\" content=\"it_IT\" \/>\n<meta property=\"og:type\" content=\"article\" \/>\n<meta property=\"og:title\" content=\"Dichiarazione di Accessibilit\u00e0 - Rely Consulting\" \/>\n<meta property=\"og:description\" content=\"Dichiarazione di Accessibilit\u00e0 \u2014 RELY Consulting Ultimo aggiornamento: 25 settembre 2025 1. Titolare e responsabile del sito Titolare del sito: RELY Consulting di Marco Crippa. Informazioni aziendali e riferimenti presenti nella pagina Privacy e nella pagina Contatti del sito. relyconsulting.it 2. Stato di conformit\u00e0 La presente dichiarazione \u00e8 stata redatta in assenza di una dichiarazione [&hellip;]\" \/>\n<meta property=\"og:url\" content=\"https:\/\/relyconsulting.it\/index.php\/dichiarazione-di-accessibilita\/\" \/>\n<meta property=\"og:site_name\" content=\"Rely Consulting\" \/>\n<meta property=\"article:modified_time\" content=\"2025-09-30T10:55:34+00:00\" \/>\n<meta name=\"twitter:card\" content=\"summary_large_image\" \/>\n<meta name=\"twitter:label1\" content=\"Tempo di lettura stimato\" \/>\n\t<meta name=\"twitter:data1\" content=\"4 minuti\" \/>\n<script type=\"application\/ld+json\" class=\"yoast-schema-graph\">{\"@context\":\"https:\\\/\\\/schema.org\",\"@graph\":[{\"@type\":\"WebPage\",\"@id\":\"https:\\\/\\\/relyconsulting.it\\\/index.php\\\/dichiarazione-di-accessibilita\\\/\",\"url\":\"https:\\\/\\\/relyconsulting.it\\\/index.php\\\/dichiarazione-di-accessibilita\\\/\",\"name\":\"Dichiarazione di Accessibilit\u00e0 - Rely Consulting\",\"isPartOf\":{\"@id\":\"https:\\\/\\\/relyconsulting.it\\\/#website\"},\"datePublished\":\"2025-09-24T09:18:27+00:00\",\"dateModified\":\"2025-09-30T10:55:34+00:00\",\"breadcrumb\":{\"@id\":\"https:\\\/\\\/relyconsulting.it\\\/index.php\\\/dichiarazione-di-accessibilita\\\/#breadcrumb\"},\"inLanguage\":\"it-IT\",\"potentialAction\":[{\"@type\":\"ReadAction\",\"target\":[\"https:\\\/\\\/relyconsulting.it\\\/index.php\\\/dichiarazione-di-accessibilita\\\/\"]}]},{\"@type\":\"BreadcrumbList\",\"@id\":\"https:\\\/\\\/relyconsulting.it\\\/index.php\\\/dichiarazione-di-accessibilita\\\/#breadcrumb\",\"itemListElement\":[{\"@type\":\"ListItem\",\"position\":1,\"name\":\"Home\",\"item\":\"https:\\\/\\\/relyconsulting.it\\\/\"},{\"@type\":\"ListItem\",\"position\":2,\"name\":\"Dichiarazione di Accessibilit\u00e0\"}]},{\"@type\":\"WebSite\",\"@id\":\"https:\\\/\\\/relyconsulting.it\\\/#website\",\"url\":\"https:\\\/\\\/relyconsulting.it\\\/\",\"name\":\"Rely Consulting\",\"description\":\"25 anni di esperienza manageriale\",\"publisher\":{\"@id\":\"https:\\\/\\\/relyconsulting.it\\\/#organization\"},\"potentialAction\":[{\"@type\":\"SearchAction\",\"target\":{\"@type\":\"EntryPoint\",\"urlTemplate\":\"https:\\\/\\\/relyconsulting.it\\\/?s={search_term_string}\"},\"query-input\":{\"@type\":\"PropertyValueSpecification\",\"valueRequired\":true,\"valueName\":\"search_term_string\"}}],\"inLanguage\":\"it-IT\"},{\"@type\":\"Organization\",\"@id\":\"https:\\\/\\\/relyconsulting.it\\\/#organization\",\"name\":\"Rely Consulting\",\"url\":\"https:\\\/\\\/relyconsulting.it\\\/\",\"logo\":{\"@type\":\"ImageObject\",\"inLanguage\":\"it-IT\",\"@id\":\"https:\\\/\\\/relyconsulting.it\\\/#\\\/schema\\\/logo\\\/image\\\/\",\"url\":\"https:\\\/\\\/relyconsulting.it\\\/wp-content\\\/uploads\\\/2025\\\/09\\\/logo-bianco1-1e1b20c8.webp\",\"contentUrl\":\"https:\\\/\\\/relyconsulting.it\\\/wp-content\\\/uploads\\\/2025\\\/09\\\/logo-bianco1-1e1b20c8.webp\",\"width\":99,\"height\":100,\"caption\":\"Rely Consulting\"},\"image\":{\"@id\":\"https:\\\/\\\/relyconsulting.it\\\/#\\\/schema\\\/logo\\\/image\\\/\"}}]}<\/script>\n<!-- \/ Yoast SEO plugin. -->","yoast_head_json":{"title":"Dichiarazione di Accessibilit\u00e0 - Rely Consulting","robots":{"index":"index","follow":"follow","max-snippet":"max-snippet:-1","max-image-preview":"max-image-preview:large","max-video-preview":"max-video-preview:-1"},"canonical":"https:\/\/relyconsulting.it\/index.php\/dichiarazione-di-accessibilita\/","og_locale":"it_IT","og_type":"article","og_title":"Dichiarazione di Accessibilit\u00e0 - Rely Consulting","og_description":"Dichiarazione di Accessibilit\u00e0 \u2014 RELY Consulting Ultimo aggiornamento: 25 settembre 2025 1. Titolare e responsabile del sito Titolare del sito: RELY Consulting di Marco Crippa. Informazioni aziendali e riferimenti presenti nella pagina Privacy e nella pagina Contatti del sito. relyconsulting.it 2. Stato di conformit\u00e0 La presente dichiarazione \u00e8 stata redatta in assenza di una dichiarazione [&hellip;]","og_url":"https:\/\/relyconsulting.it\/index.php\/dichiarazione-di-accessibilita\/","og_site_name":"Rely Consulting","article_modified_time":"2025-09-30T10:55:34+00:00","twitter_card":"summary_large_image","twitter_misc":{"Tempo di lettura stimato":"4 minuti"},"schema":{"@context":"https:\/\/schema.org","@graph":[{"@type":"WebPage","@id":"https:\/\/relyconsulting.it\/index.php\/dichiarazione-di-accessibilita\/","url":"https:\/\/relyconsulting.it\/index.php\/dichiarazione-di-accessibilita\/","name":"Dichiarazione di Accessibilit\u00e0 - Rely Consulting","isPartOf":{"@id":"https:\/\/relyconsulting.it\/#website"},"datePublished":"2025-09-24T09:18:27+00:00","dateModified":"2025-09-30T10:55:34+00:00","breadcrumb":{"@id":"https:\/\/relyconsulting.it\/index.php\/dichiarazione-di-accessibilita\/#breadcrumb"},"inLanguage":"it-IT","potentialAction":[{"@type":"ReadAction","target":["https:\/\/relyconsulting.it\/index.php\/dichiarazione-di-accessibilita\/"]}]},{"@type":"BreadcrumbList","@id":"https:\/\/relyconsulting.it\/index.php\/dichiarazione-di-accessibilita\/#breadcrumb","itemListElement":[{"@type":"ListItem","position":1,"name":"Home","item":"https:\/\/relyconsulting.it\/"},{"@type":"ListItem","position":2,"name":"Dichiarazione di Accessibilit\u00e0"}]},{"@type":"WebSite","@id":"https:\/\/relyconsulting.it\/#website","url":"https:\/\/relyconsulting.it\/","name":"Rely Consulting","description":"25 anni di esperienza manageriale","publisher":{"@id":"https:\/\/relyconsulting.it\/#organization"},"potentialAction":[{"@type":"SearchAction","target":{"@type":"EntryPoint","urlTemplate":"https:\/\/relyconsulting.it\/?s={search_term_string}"},"query-input":{"@type":"PropertyValueSpecification","valueRequired":true,"valueName":"search_term_string"}}],"inLanguage":"it-IT"},{"@type":"Organization","@id":"https:\/\/relyconsulting.it\/#organization","name":"Rely Consulting","url":"https:\/\/relyconsulting.it\/","logo":{"@type":"ImageObject","inLanguage":"it-IT","@id":"https:\/\/relyconsulting.it\/#\/schema\/logo\/image\/","url":"https:\/\/relyconsulting.it\/wp-content\/uploads\/2025\/09\/logo-bianco1-1e1b20c8.webp","contentUrl":"https:\/\/relyconsulting.it\/wp-content\/uploads\/2025\/09\/logo-bianco1-1e1b20c8.webp","width":99,"height":100,"caption":"Rely Consulting"},"image":{"@id":"https:\/\/relyconsulting.it\/#\/schema\/logo\/image\/"}}]}},"_links":{"self":[{"href":"https:\/\/relyconsulting.it\/index.php\/wp-json\/wp\/v2\/pages\/112","targetHints":{"allow":["GET"]}}],"collection":[{"href":"https:\/\/relyconsulting.it\/index.php\/wp-json\/wp\/v2\/pages"}],"about":[{"href":"https:\/\/relyconsulting.it\/index.php\/wp-json\/wp\/v2\/types\/page"}],"author":[{"embeddable":true,"href":"https:\/\/relyconsulting.it\/index.php\/wp-json\/wp\/v2\/users\/1"}],"replies":[{"embeddable":true,"href":"https:\/\/relyconsulting.it\/index.php\/wp-json\/wp\/v2\/comments?post=112"}],"version-history":[{"count":7,"href":"https:\/\/relyconsulting.it\/index.php\/wp-json\/wp\/v2\/pages\/112\/revisions"}],"predecessor-version":[{"id":427,"href":"https:\/\/relyconsulting.it\/index.php\/wp-json\/wp\/v2\/pages\/112\/revisions\/427"}],"wp:attachment":[{"href":"https:\/\/relyconsulting.it\/index.php\/wp-json\/wp\/v2\/media?parent=112"}],"curies":[{"name":"wp","href":"https:\/\/api.w.org\/{rel}","templated":true}]}}